{"id":6,"date":"2024-03-25T17:03:25","date_gmt":"2024-03-25T16:03:25","guid":{"rendered":"https:\/\/mercaservicetenerife.com\/?page_id=6"},"modified":"2025-02-28T14:55:24","modified_gmt":"2025-02-28T13:55:24","slug":"inicio","status":"publish","type":"page","link":"https:\/\/mercaservicetenerife.com\/","title":{"rendered":"Inicio"},"content":{"rendered":"\n<div class=\"wp-block-cover alignfull is-light\" style=\"min-height:720px\"><span aria-hidden=\"true\" class=\"wp-block-cover__background has-background-dim-100 has-background-dim has-background-gradient\" style=\"background:linear-gradient(35deg,rgb(6,0,151) 0%,rgb(130,4,255) 73%,rgb(193,15,255) 100%)\"><\/span><div class=\"wp-block-cover__inner-container is-layout-flow wp-block-cover-is-layout-flow\">\n<div class=\"inherit-container-width wp-block-group alignwide is-layout-constrained wp-block-group-is-layout-constrained\">\n<div class=\"wp-block-media-text alignwide has-media-on-the-right is-stacked-on-mobile is-vertically-aligned-center\" style=\"grid-template-columns:auto 43%\"><div class=\"wp-block-media-text__content\">\n<p>Selecciona el inmueble que necesite hoy<\/p>\n\n\n\n<div class=\"wp-block-buttons is-layout-flex wp-block-buttons-is-layout-flex\">\n<div class=\"wp-block-button\"><a class=\"wp-block-button__link wp-element-button\" href=\"https:\/\/tenerife.mercaservice.com\/buscador-inmuebles\">ENCUENTRA TU INMUEBLE<\/a><\/div>\n<\/div>\n<\/div><figure class=\"wp-block-media-text__media\"><img decoding=\"async\" src=\"https:\/\/mercaservicetenerife.com\/wp-content\/themes\/astra\/inc\/assets\/images\/starter-content\/hero-img.svg\" alt=\"\" class=\"wp-image-118 size-full\"\/><\/figure><\/div>\n\n\n\n<h1 class=\"wp-block-heading has-text-align-left has-white-color has-text-color\">ENCUENTRA EL INMUEBLE QUE BUSCAS<\/h1>\n<\/div>\n<\/div><\/div>\n\n\n\n<div class=\"wp-block-group alignfull has-ast-global-color-5-background-color has-background is-layout-constrained wp-container-core-group-layout-2 wp-block-group-is-layout-constrained\" style=\"padding-bottom:0px\">\n<div class=\"wp-block-columns are-vertically-aligned-top is-layout-flex wp-container-core-columns-layout-1 wp-block-columns-is-layout-flex\">\n<div class=\"wp-block-column is-vertically-aligned-top is-layout-flow wp-container-core-column-layout-1 wp-block-column-is-layout-flow\">\n<figure class=\"wp-block-image size-large\"><img decoding=\"async\" src=\"https:\/\/mercaservicetenerife.com\/wp-content\/themes\/astra\/inc\/assets\/images\/starter-content\/building.svg\" alt=\"\" class=\"wp-image-134\"\/><\/figure>\n\n\n\n<h3 class=\"wp-block-heading has-text-align-left\" style=\"margin-top:16px\">Encuentra tu vivienda<\/h3>\n\n\n\n<p class=\"has-text-align-left\">Te ayudamos a encontrar la vivienda que se adapte a tus necesidades<\/p>\n\n\n\n<div class=\"wp-block-buttons is-layout-flex wp-block-buttons-is-layout-flex\">\n<div class=\"wp-block-button\"><a class=\"wp-block-button__link has-text-align-center wp-element-button\" href=\"https:\/\/tenerife.mercaservice.com\/solicitar-presupuesto\/inmobiliaria\" target=\"_blank\" rel=\"noreferrer noopener\">CONTACTA<\/a><\/div>\n<\/div>\n<\/div>\n\n\n\n<div class=\"wp-block-column is-vertically-aligned-top is-layout-flow wp-container-core-column-layout-2 wp-block-column-is-layout-flow\">\n<figure class=\"wp-block-image size-large\"><img decoding=\"async\" src=\"https:\/\/mercaservicetenerife.com\/wp-content\/themes\/astra\/inc\/assets\/images\/starter-content\/shopping-bag.svg\" alt=\"\" class=\"wp-image-135\"\/><\/figure>\n\n\n\n<h3 class=\"wp-block-heading has-text-align-left\" style=\"margin-top:16px\">Locales comerciales<\/h3>\n\n\n\n<p class=\"has-text-align-left\">Quieres montar tu negocio contacta con nosotros y te ayudaremos a encontrar el local que necesites<\/p>\n\n\n\n<div class=\"wp-block-buttons is-layout-flex wp-block-buttons-is-layout-flex\">\n<div class=\"wp-block-button\"><a class=\"wp-block-button__link wp-element-button\" href=\"https:\/\/tenerife.mercaservice.com\/solicitar-presupuesto\/inmobiliaria\">CONTACTA<\/a><\/div>\n<\/div>\n<\/div>\n\n\n\n<div class=\"wp-block-column is-vertically-aligned-top is-layout-flow wp-container-core-column-layout-3 wp-block-column-is-layout-flow\">\n<figure class=\"wp-block-image size-large\"><img decoding=\"async\" src=\"https:\/\/mercaservicetenerife.com\/wp-content\/themes\/astra\/inc\/assets\/images\/starter-content\/blog.svg\" alt=\"\" class=\"wp-image-136\"\/><\/figure>\n\n\n\n<h3 class=\"wp-block-heading has-text-align-left\" style=\"margin-top:16px\">Valoramos tu inmueble<\/h3>\n\n\n\n<p class=\"has-text-align-left\">Valoramos tu inmueble de forma gratuita para que obtengas el mayor beneficio<\/p>\n\n\n\n<div class=\"wp-block-buttons is-layout-flex wp-block-buttons-is-layout-flex\">\n<div class=\"wp-block-button\"><a class=\"wp-block-button__link wp-element-button\" href=\"https:\/\/tenerife.mercaservice.com\/solicitar-presupuesto\/inmobiliaria\">CONTACTA<\/a><\/div>\n<\/div>\n<\/div>\n\n\n\n<div class=\"wp-block-column is-vertically-aligned-top is-layout-flow wp-container-core-column-layout-4 wp-block-column-is-layout-flow\">\n<figure class=\"wp-block-image size-large\"><img decoding=\"async\" src=\"https:\/\/mercaservicetenerife.com\/wp-content\/themes\/astra\/inc\/assets\/images\/starter-content\/portfolio.svg\" alt=\"\" class=\"wp-image-137\"\/><\/figure>\n\n\n\n<h3 class=\"wp-block-heading has-text-align-left\" style=\"margin-top:16px\">Calidad y garantia<\/h3>\n\n\n\n<p class=\"has-text-align-left\">Contar\u00e1s con un equipo de profesionales que te ayudar\u00e1n y asesoraranen cada momento<\/p>\n\n\n\n<div class=\"wp-block-buttons is-layout-flex wp-block-buttons-is-layout-flex\">\n<div class=\"wp-block-button\"><a class=\"wp-block-button__link wp-element-button\" href=\"https:\/\/tenerife.mercaservice.com\/solicitar-presupuesto\/inmobiliaria\">CONTACTA<\/a><\/div>\n<\/div>\n<\/div>\n<\/div>\n<\/div>\n\n\n\n<div class=\"wp-block-group alignfull is-layout-constrained wp-container-core-group-layout-3 wp-block-group-is-layout-constrained\" id=\"services\" style=\"padding-top:144px;padding-bottom:0px\">\n<h2 class=\"wp-block-heading\">Nuestros Servicios<\/h2>\n\n\n\n<div class=\"wp-block-columns is-layout-flex wp-container-core-columns-layout-2 wp-block-columns-is-layout-flex\" style=\"margin-top:50px\">\n<div class=\"wp-block-column is-layout-flow wp-container-core-column-layout-5 wp-block-column-is-layout-flow\">\n<figure class=\"wp-block-image size-full\"><img loading=\"lazy\" decoding=\"async\" width=\"1688\" height=\"1688\" src=\"https:\/\/mercaservicetenerife.com\/wp-content\/uploads\/2024\/03\/tu-inmobiliaria-de-confianza.jpeg\" alt=\"\" class=\"wp-image-73\" srcset=\"https:\/\/mercaservicetenerife.com\/wp-content\/uploads\/2024\/03\/tu-inmobiliaria-de-confianza.jpeg 1688w, https:\/\/mercaservicetenerife.com\/wp-content\/uploads\/2024\/03\/tu-inmobiliaria-de-confianza-300x300.jpeg 300w, https:\/\/mercaservicetenerife.com\/wp-content\/uploads\/2024\/03\/tu-inmobiliaria-de-confianza-1024x1024.jpeg 1024w, https:\/\/mercaservicetenerife.com\/wp-content\/uploads\/2024\/03\/tu-inmobiliaria-de-confianza-150x150.jpeg 150w, https:\/\/mercaservicetenerife.com\/wp-content\/uploads\/2024\/03\/tu-inmobiliaria-de-confianza-768x768.jpeg 768w, https:\/\/mercaservicetenerife.com\/wp-content\/uploads\/2024\/03\/tu-inmobiliaria-de-confianza-1536x1536.jpeg 1536w\" sizes=\"(max-width: 1688px) 100vw, 1688px\" \/><\/figure>\n\n\n\n<h3 class=\"wp-block-heading\" style=\"margin-top:16px\">Vende, Compra o alquila tu vivienda<\/h3>\n\n\n\n<p>En Merca Service Tenerife encontrar\u00e1s tu inmobiliaria de confianza para vender, comprar o alquilar tu inmueble<\/p>\n<\/div>\n\n\n\n<div class=\"wp-block-column is-layout-flow wp-container-core-column-layout-6 wp-block-column-is-layout-flow\">\n<figure class=\"wp-block-image size-full\"><img loading=\"lazy\" decoding=\"async\" width=\"720\" height=\"726\" src=\"https:\/\/mercaservicetenerife.com\/wp-content\/uploads\/2024\/03\/VPO.jpeg\" alt=\"\" class=\"wp-image-70\" srcset=\"https:\/\/mercaservicetenerife.com\/wp-content\/uploads\/2024\/03\/VPO.jpeg 720w, https:\/\/mercaservicetenerife.com\/wp-content\/uploads\/2024\/03\/VPO-298x300.jpeg 298w, https:\/\/mercaservicetenerife.com\/wp-content\/uploads\/2024\/03\/VPO-150x150.jpeg 150w\" sizes=\"(max-width: 720px) 100vw, 720px\" \/><\/figure>\n\n\n\n<h3 class=\"wp-block-heading\" style=\"margin-top:16px\">Viviendas VPO<\/h3>\n\n\n\n<p>Si eres j\u00f3veny quieres dejar de pagar alquiler y tener tu propia casa contacta con nosotros y te informamos de las viviendas de VPO<\/p>\n<\/div>\n\n\n\n<div class=\"wp-block-column is-layout-flow wp-container-core-column-layout-7 wp-block-column-is-layout-flow\">\n<figure class=\"wp-block-image size-full is-resized\"><img loading=\"lazy\" decoding=\"async\" width=\"719\" height=\"589\" src=\"https:\/\/mercaservicetenerife.com\/wp-content\/uploads\/2024\/03\/donacion-en-vida.jpeg\" alt=\"\" class=\"wp-image-72\" style=\"width:426px;height:auto\" srcset=\"https:\/\/mercaservicetenerife.com\/wp-content\/uploads\/2024\/03\/donacion-en-vida.jpeg 719w, https:\/\/mercaservicetenerife.com\/wp-content\/uploads\/2024\/03\/donacion-en-vida-300x246.jpeg 300w\" sizes=\"(max-width: 719px) 100vw, 719px\" \/><\/figure>\n\n\n\n<h3 class=\"wp-block-heading\" style=\"margin-top:16px\">Web Development<\/h3>\n\n\n\n<p>Gestiona tus propiedades en vida para que no se pierda la armon\u00eda y tengas la seguridad de dejar a los tuyos aquello por lo que has luchado toda tu vida.<\/p>\n<\/div>\n<\/div>\n<\/div>\n\n\n\n<div class=\"wp-block-group alignfull has-ast-global-color-5-background-color has-background is-layout-constrained wp-container-core-group-layout-5 wp-block-group-is-layout-constrained\" id=\"about\" style=\"padding-top:143px;padding-bottom:144px\">\n<p><\/p>\n\n\n\n<div class=\"wp-block-media-text has-media-on-the-right is-stacked-on-mobile is-vertically-aligned-top\" style=\"grid-template-columns:auto 36%\"><div class=\"wp-block-media-text__content\">\n<div class=\"inherit-container-width wp-block-group is-layout-constrained wp-block-group-is-layout-constrained\" style=\"padding-right:80px\">\n<h2 class=\"wp-block-heading alignfull\" style=\"padding-right:40px\">Te ayudamos a encontrar el inmueble que se adapte a tus necesidades<\/h2>\n\n\n\n<p class=\"has-text-align-center\">Merca Service Tenerife est\u00e1 formada por un equipo profesional joven y din\u00e1mico con un objetivo com\u00fan: Satisfacer las demandas de nuestros clientes.<\/p>\n\n\n\n<p>La sociedad tiene por objeto el ofrecerle m\u00faltiples servicios en su localidad&nbsp;<strong>a trav\u00e9s de una sola empresa<\/strong>&nbsp;mediante acuerdos con las mejores Pymes, que siempre ser\u00e1n vecinas suyas.<\/p>\n\n\n\n<p>Gracias a nuestro innovador sistema de colaboraci\u00f3n con empresas locales a las que les proporcionamos clientes a cambio de descuentos econ\u00f3micos en la factura por sus gestiones y a nuestra expansi\u00f3n mediante el sistema de Franquicia personal, para aut\u00f3nomos o PYMES, nos hemos convertido en el primer centro comercial de servicios de Espa\u00f1a<\/p>\n\n\n\n<p>Con Merca Service Tenerife, Mercado de Servicios, TENDR\u00c1 LA VENTAJA DE QUE AHORRAR\u00c1 TIEMPO, ADEM\u00c1S DE MUCHO DINERO Y SIEMPRE SER\u00c1 ATENDIDO POR LA(S) MISMA(S) PERSONA(S).<\/p>\n\n\n\n<p>En nuestros agentes encontrar\u00e1 profesionales expertos y din\u00e1micos.<\/p>\n\n\n\n<p>Disponemos de una amplia oferta de servicios econ\u00f3micos que siempre estamos ampliando.<\/p>\n\n\n\n<p>Los presupuestos que le enviaremos ser\u00e1n SIEMPRE SIN COMPROMISO para que UD. los pueda comparar y comprobar el ahorro que le proporcionamos.<\/p>\n<\/div>\n<\/div><figure class=\"wp-block-media-text__media\"><img decoding=\"async\" src=\"https:\/\/mercaservicetenerife.com\/wp-content\/themes\/astra\/inc\/assets\/images\/starter-content\/about-us.jpg\" alt=\"\" class=\"wp-image-237 size-full\"\/><\/figure><\/div>\n<\/div>\n\n\n\n<div class=\"wp-block-group alignfull has-ast-global-color-4-background-color has-background is-layout-constrained wp-container-core-group-layout-6 wp-block-group-is-layout-constrained\" id=\"reviews\">\n<figure class=\"wp-block-image aligncenter size-full is-resized\"><img loading=\"lazy\" decoding=\"async\" width=\"720\" height=\"726\" src=\"https:\/\/mercaservicetenerife.com\/wp-content\/uploads\/2024\/03\/VPO.jpeg\" alt=\"\" class=\"wp-image-70\" style=\"width:287px;height:auto\" srcset=\"https:\/\/mercaservicetenerife.com\/wp-content\/uploads\/2024\/03\/VPO.jpeg 720w, https:\/\/mercaservicetenerife.com\/wp-content\/uploads\/2024\/03\/VPO-298x300.jpeg 298w, https:\/\/mercaservicetenerife.com\/wp-content\/uploads\/2024\/03\/VPO-150x150.jpeg 150w\" sizes=\"(max-width: 720px) 100vw, 720px\" \/><\/figure>\n\n\n\n<p class=\"has-text-align-center\" style=\"font-size:22px;line-height:1.6\">Tenemos la llave de tu nuevo hogar. Me puedo sentir satisfecho de poder decir que cada cliente que entra en nuestra agencia acaba convirtiendose en un nuevo amigo al encontrarle la casa de sus sue\u00f1os<\/p>\n\n\n\n<p class=\"has-text-align-center\"><strong>Merca Service Tenerife<\/strong><\/p>\n<\/div>\n\n\n\n<div class=\"wp-block-group alignfull is-layout-constrained wp-container-core-group-layout-7 wp-block-group-is-layout-constrained\" id=\"whyus\" style=\"padding-top:144px;padding-bottom:144px\">\n<h2 class=\"wp-block-heading\">Porqu\u00e9 Merca Service Tenerife<\/h2>\n\n\n\n<div class=\"wp-block-columns is-layout-flex wp-container-core-columns-layout-3 wp-block-columns-is-layout-flex\" style=\"margin-top:60px\">\n<div class=\"wp-block-column is-layout-flow wp-container-core-column-layout-8 wp-block-column-is-layout-flow\">\n<figure class=\"wp-block-image size-large\"><img decoding=\"async\" src=\"https:\/\/mercaservicetenerife.com\/wp-content\/themes\/astra\/inc\/assets\/images\/starter-content\/passionate.svg\" alt=\"\" class=\"wp-image-162\"\/><\/figure>\n\n\n\n<h3 class=\"wp-block-heading\" style=\"margin-top:16px\">Apasionados<\/h3>\n\n\n\n<p>Nos gusta y apasiona nuestro trabajo y nos dejamos la piel en cada persona que confia en nosotros<\/p>\n<\/div>\n\n\n\n<div class=\"wp-block-column is-layout-flow wp-container-core-column-layout-9 wp-block-column-is-layout-flow\">\n<figure class=\"wp-block-image size-large\"><img decoding=\"async\" src=\"https:\/\/mercaservicetenerife.com\/wp-content\/themes\/astra\/inc\/assets\/images\/starter-content\/professional.svg\" alt=\"\" class=\"wp-image-163\"\/><\/figure>\n\n\n\n<h3 class=\"wp-block-heading\" style=\"margin-top:16px\">Profesionalidad<\/h3>\n\n\n\n<p>En Merca Service Tenerife presumimos de ser profesionales y tenemos una trayectoria que lo confirma<\/p>\n<\/div>\n\n\n\n<div class=\"wp-block-column is-layout-flow wp-container-core-column-layout-10 wp-block-column-is-layout-flow\">\n<figure class=\"wp-block-image size-large\"><img decoding=\"async\" src=\"https:\/\/mercaservicetenerife.com\/wp-content\/themes\/astra\/inc\/assets\/images\/starter-content\/support.svg\" alt=\"\" class=\"wp-image-164\"\/><\/figure>\n\n\n\n<h3 class=\"wp-block-heading\" style=\"margin-top:16px\">Soporte<\/h3>\n\n\n\n<p>Cuando entres en Merca Service Tenerife vas a sentir el apoyo y soporte en cada paso que demos<\/p>\n<\/div>\n<\/div>\n<\/div>\n\n\n\n<div class=\"wp-block-group alignfull has-background is-layout-constrained wp-container-core-group-layout-8 wp-block-group-is-layout-constrained\" id=\"contact\" style=\"background:linear-gradient(35deg,rgb(6,0,151) 0%,rgb(130,4,255) 64%,rgb(193,15,255) 98%);padding-top:104px;padding-bottom:104px\">\n<h2 class=\"wp-block-heading has-text-align-center has-text-color\" style=\"color:#ffffff\">Ponte en contacto con un profesional<\/h2>\n\n\n\n<div class=\"wp-block-buttons alignwide is-horizontal is-content-justification-center is-layout-flex wp-container-core-buttons-layout-6 wp-block-buttons-is-layout-flex\" style=\"margin-top:50px\">\n<div class=\"wp-block-button\"><a class=\"wp-block-button__link wp-element-button\" href=\"https:\/\/tenerife.mercaservice.com\/solicitar-presupuesto\/inmobiliaria\" target=\"_blank\" rel=\"noreferrer noopener\">CONTACTA <\/a><\/div>\n<\/div>\n<\/div>\n","protected":false},"excerpt":{"rendered":"<p>Encuentra tu vivienda Te ayudamos a encontrar la vivienda que se adapte a tus necesidades Locales comerciales Quieres montar tu [&hellip;]<\/p>\n","protected":false},"author":1,"featured_media":0,"parent":0,"menu_order":0,"comment_status":"closed","ping_status":"closed","template":"","meta":{"site-sidebar-layout":"no-sidebar","site-content-layout":"plain-container","ast-site-content-layout":"","site-content-style":"default","site-sidebar-style":"default","ast-global-header-display":"","ast-banner-title-visibility":"","ast-main-header-display":"","ast-hfb-above-header-display":"","ast-hfb-below-header-display":"","ast-hfb-mobile-header-display":"","site-post-title":"disabled","ast-breadcrumbs-content":"","ast-featured-img":"","footer-sml-layout":"","theme-transparent-header-meta":"enabled","adv-header-id-meta":"","stick-header-meta":"","header-above-stick-meta":"","header-main-stick-meta":"","header-below-stick-meta":"","astra-migrate-meta-layouts":"default","ast-page-background-enabled":"default","ast-page-background-meta":{"desktop":{"background-color":"var(--ast-global-color-4)","background-image":"","background-repeat":"repeat","background-position":"center center","background-size":"auto","background-attachment":"scroll","background-type":"","background-media":"","overlay-type":"","overlay-color":"","overlay-gradient":""},"tablet":{"background-color":"","background-image":"","background-repeat":"repeat","background-position":"center center","background-size":"auto","background-attachment":"scroll","background-type":"","background-media":"","overlay-type":"","overlay-color":"","overlay-gradient":""},"mobile":{"background-color":"","background-image":"","background-repeat":"repeat","background-position":"center center","background-size":"auto","background-attachment":"scroll","background-type":"","background-media":"","overlay-type":"","overlay-color":"","overlay-gradient":""}},"ast-content-background-meta":{"desktop":{"background-color":"var(--ast-global-color-5)","background-image":"","background-repeat":"repeat","background-position":"center center","background-size":"auto","background-attachment":"scroll","background-type":"","background-media":"","overlay-type":"","overlay-color":"","overlay-gradient":""},"tablet":{"background-color":"var(--ast-global-color-5)","background-image":"","background-repeat":"repeat","background-position":"center center","background-size":"auto","background-attachment":"scroll","background-type":"","background-media":"","overlay-type":"","overlay-color":"","overlay-gradient":""},"mobile":{"background-color":"var(--ast-global-color-5)","background-image":"","background-repeat":"repeat","background-position":"center center","background-size":"auto","background-attachment":"scroll","background-type":"","background-media":"","overlay-type":"","overlay-color":"","overlay-gradient":""}},"footnotes":""},"_links":{"self":[{"href":"https:\/\/mercaservicetenerife.com\/index.php?rest_route=\/wp\/v2\/pages\/6"}],"collection":[{"href":"https:\/\/mercaservicetenerife.com\/index.php?rest_route=\/wp\/v2\/pages"}],"about":[{"href":"https:\/\/mercaservicetenerife.com\/index.php?rest_route=\/wp\/v2\/types\/page"}],"author":[{"embeddable":true,"href":"https:\/\/mercaservicetenerife.com\/index.php?rest_route=\/wp\/v2\/users\/1"}],"replies":[{"embeddable":true,"href":"https:\/\/mercaservicetenerife.com\/index.php?rest_route=%2Fwp%2Fv2%2Fcomments&post=6"}],"version-history":[{"count":15,"href":"https:\/\/mercaservicetenerife.com\/index.php?rest_route=\/wp\/v2\/pages\/6\/revisions"}],"predecessor-version":[{"id":84,"href":"https:\/\/mercaservicetenerife.com\/index.php?rest_route=\/wp\/v2\/pages\/6\/revisions\/84"}],"wp:attachment":[{"href":"https:\/\/mercaservicetenerife.com\/index.php?rest_route=%2Fwp%2Fv2%2Fmedia&parent=6"}],"curies":[{"name":"wp","href":"https:\/\/api.w.org\/{rel}","templated":true}]}}